{"id":2316,"date":"2015-09-03T15:04:05","date_gmt":"2015-09-03T15:04:05","guid":{"rendered":"http:\/\/lucrum.net.pl\/en\/o-nas\/"},"modified":"2024-04-12T22:18:28","modified_gmt":"2024-04-12T20:18:28","slug":"about-us","status":"publish","type":"page","link":"https:\/\/lucrum.net.pl\/en\/about-us\/","title":{"rendered":"About us"},"content":{"rendered":"<section class=\"l-section wpb_row height_large color_primary\"><div class=\"l-section-h i-cf\"><div class=\"g-cols vc_row via_flex valign_top type_default stacking_default\"><div class=\"vc_col-sm-12 wpb_column vc_column_container\"><div class=\"vc_column-inner\"><div class=\"wpb_wrapper\"><div class=\"wpb_text_column text-center\"><div class=\"wpb_wrapper\"><h1>ABOUT US<\/h1>\n<\/div><\/div><\/div><\/div><\/div><\/div><\/div><\/section><section class=\"l-section wpb_row height_large\"><div class=\"l-section-h i-cf\"><div class=\"g-cols vc_row via_flex valign_top type_default stacking_default\"><div class=\"vc_col-sm-12 wpb_column vc_column_container\"><div class=\"vc_column-inner\"><div class=\"wpb_wrapper\"><div class=\"wpb_text_column text-center font-b\"><div class=\"wpb_wrapper\"><p>The Lucrum Group has been providing professional services for economic<br \/>\noperators for more than fourteen years in the scope of:<\/p>\n<\/div><\/div><div class=\"w-separator size_large\"><\/div><div class=\"g-cols wpb_row via_flex valign_top type_default stacking_default\"><div class=\"vc_col-sm-3 wpb_column vc_column_container\"><div class=\"vc_column-inner\"><div class=\"wpb_wrapper\"><div class=\"w-iconbox iconpos_top style_default color_primary align_center no_text icontype_img\"><div class=\"w-iconbox-icon\" style=\"font-size:150px;\"><img loading=\"lazy\" decoding=\"async\" width=\"220\" height=\"220\" src=\"https:\/\/lucrum.net.pl\/wp-content\/uploads\/2018\/06\/01.png\" class=\"attachment-full size-full\" alt=\"\" srcset=\"https:\/\/lucrum.net.pl\/wp-content\/uploads\/2018\/06\/01.png 220w, https:\/\/lucrum.net.pl\/wp-content\/uploads\/2018\/06\/01-150x150.png 150w\" sizes=\"(max-width: 220px) 100vw, 220px\" \/><\/div><div class=\"w-iconbox-meta\"><h3 class=\"w-iconbox-title\" style=\"font-size:20px;\">accounting<\/h3><\/div><\/div><\/div><\/div><\/div><div class=\"vc_col-sm-3 wpb_column vc_column_container\"><div class=\"vc_column-inner\"><div class=\"wpb_wrapper\"><div class=\"w-iconbox iconpos_top style_default color_primary align_center no_text icontype_img\"><div class=\"w-iconbox-icon\" style=\"font-size:150px;\"><img loading=\"lazy\" decoding=\"async\" width=\"220\" height=\"220\" src=\"https:\/\/lucrum.net.pl\/wp-content\/uploads\/2018\/06\/06.png\" class=\"attachment-full size-full\" alt=\"\" srcset=\"https:\/\/lucrum.net.pl\/wp-content\/uploads\/2018\/06\/06.png 220w, https:\/\/lucrum.net.pl\/wp-content\/uploads\/2018\/06\/06-150x150.png 150w\" sizes=\"(max-width: 220px) 100vw, 220px\" \/><\/div><div class=\"w-iconbox-meta\"><h3 class=\"w-iconbox-title\" style=\"font-size:20px;\">tax settlement<\/h3><\/div><\/div><\/div><\/div><\/div><div class=\"vc_col-sm-3 wpb_column vc_column_container\"><div class=\"vc_column-inner\"><div class=\"wpb_wrapper\"><div class=\"w-iconbox iconpos_top style_default color_primary align_center no_text icontype_img\"><div class=\"w-iconbox-icon\" style=\"font-size:150px;\"><img loading=\"lazy\" decoding=\"async\" width=\"220\" height=\"220\" src=\"https:\/\/lucrum.net.pl\/wp-content\/uploads\/2018\/08\/ikonka.png\" class=\"attachment-full size-full\" alt=\"\" srcset=\"https:\/\/lucrum.net.pl\/wp-content\/uploads\/2018\/08\/ikonka.png 220w, https:\/\/lucrum.net.pl\/wp-content\/uploads\/2018\/08\/ikonka-150x150.png 150w\" sizes=\"(max-width: 220px) 100vw, 220px\" \/><\/div><div class=\"w-iconbox-meta\"><h3 class=\"w-iconbox-title\" style=\"font-size:20px;\">company registration<\/h3><\/div><\/div><\/div><\/div><\/div><div class=\"vc_col-sm-3 wpb_column vc_column_container\"><div class=\"vc_column-inner\"><div class=\"wpb_wrapper\"><div class=\"w-iconbox iconpos_top style_default color_primary align_center no_text icontype_img\"><div class=\"w-iconbox-icon\" style=\"font-size:150px;\"><img loading=\"lazy\" decoding=\"async\" width=\"220\" height=\"220\" src=\"https:\/\/lucrum.net.pl\/wp-content\/uploads\/2018\/06\/03.png\" class=\"attachment-full size-full\" alt=\"\" srcset=\"https:\/\/lucrum.net.pl\/wp-content\/uploads\/2018\/06\/03.png 220w, https:\/\/lucrum.net.pl\/wp-content\/uploads\/2018\/06\/03-150x150.png 150w\" sizes=\"(max-width: 220px) 100vw, 220px\" \/><\/div><div class=\"w-iconbox-meta\"><h3 class=\"w-iconbox-title\" style=\"font-size:20px;\">commercial law consulting<\/h3><\/div><\/div><\/div><\/div><\/div><\/div><div class=\"g-cols wpb_row via_flex valign_top type_default stacking_default\"><div class=\"vc_col-sm-3 wpb_column vc_column_container\"><div class=\"vc_column-inner\"><div class=\"wpb_wrapper\"><div class=\"w-iconbox iconpos_top style_default color_primary align_center no_text icontype_img\"><div class=\"w-iconbox-icon\" style=\"font-size:150px;\"><img loading=\"lazy\" decoding=\"async\" width=\"220\" height=\"220\" src=\"https:\/\/lucrum.net.pl\/wp-content\/uploads\/2018\/06\/04.png\" class=\"attachment-full size-full\" alt=\"\" srcset=\"https:\/\/lucrum.net.pl\/wp-content\/uploads\/2018\/06\/04.png 220w, https:\/\/lucrum.net.pl\/wp-content\/uploads\/2018\/06\/04-150x150.png 150w\" sizes=\"(max-width: 220px) 100vw, 220px\" \/><\/div><div class=\"w-iconbox-meta\"><h3 class=\"w-iconbox-title\" style=\"font-size:20px;\">market analysis<\/h3><\/div><\/div><\/div><\/div><\/div><div class=\"vc_col-sm-3 wpb_column vc_column_container\"><div class=\"vc_column-inner\"><div class=\"wpb_wrapper\"><div class=\"w-iconbox iconpos_top style_default color_primary align_center no_text icontype_img\"><div class=\"w-iconbox-icon\" style=\"font-size:150px;\"><img loading=\"lazy\" decoding=\"async\" width=\"220\" height=\"220\" src=\"https:\/\/lucrum.net.pl\/wp-content\/uploads\/2018\/06\/05.png\" class=\"attachment-full size-full\" alt=\"\" srcset=\"https:\/\/lucrum.net.pl\/wp-content\/uploads\/2018\/06\/05.png 220w, https:\/\/lucrum.net.pl\/wp-content\/uploads\/2018\/06\/05-150x150.png 150w\" sizes=\"(max-width: 220px) 100vw, 220px\" \/><\/div><div class=\"w-iconbox-meta\"><h3 class=\"w-iconbox-title\" style=\"font-size:20px;\">company restructuring and bankruptcy<\/h3><\/div><\/div><\/div><\/div><\/div><div class=\"vc_col-sm-3 wpb_column vc_column_container\"><div class=\"vc_column-inner\"><div class=\"wpb_wrapper\"><div class=\"w-iconbox iconpos_top style_default color_primary align_center no_text icontype_img\"><div class=\"w-iconbox-icon\" style=\"font-size:150px;\"><img loading=\"lazy\" decoding=\"async\" width=\"220\" height=\"220\" src=\"https:\/\/lucrum.net.pl\/wp-content\/uploads\/2018\/06\/07.png\" class=\"attachment-full size-full\" alt=\"\" srcset=\"https:\/\/lucrum.net.pl\/wp-content\/uploads\/2018\/06\/07.png 220w, https:\/\/lucrum.net.pl\/wp-content\/uploads\/2018\/06\/07-150x150.png 150w\" sizes=\"(max-width: 220px) 100vw, 220px\" \/><\/div><div class=\"w-iconbox-meta\"><h3 class=\"w-iconbox-title\" style=\"font-size:20px;\">leases and loans<\/h3><\/div><\/div><\/div><\/div><\/div><div class=\"vc_col-sm-3 wpb_column vc_column_container\"><div class=\"vc_column-inner\"><div class=\"wpb_wrapper\"><div class=\"w-iconbox iconpos_top style_default color_primary align_center no_text icontype_img\"><div class=\"w-iconbox-icon\" style=\"font-size:150px;\"><img loading=\"lazy\" decoding=\"async\" width=\"150\" height=\"150\" src=\"https:\/\/lucrum.net.pl\/wp-content\/uploads\/2018\/06\/08-1.png\" class=\"attachment-full size-full\" alt=\"\" \/><\/div><div class=\"w-iconbox-meta\"><h3 class=\"w-iconbox-title\" style=\"font-size:20px;\">foreign markets<\/h3><\/div><\/div><\/div><\/div><\/div><\/div><\/div><\/div><\/div><\/div><\/div><\/section><section class=\"l-section wpb_row height_large color_primary\"><div class=\"l-section-h i-cf\"><div class=\"g-cols vc_row via_flex valign_top type_default stacking_default\"><div class=\"vc_col-sm-12 wpb_column vc_column_container\"><div class=\"vc_column-inner\"><div class=\"wpb_wrapper\"><div class=\"wpb_text_column info-b\"><div class=\"wpb_wrapper\"><p>Our long-term activity has resulted in attracting confidence of few hundreds customers. The Customer\u2019s satisfaction and feeling of safety are our top priorities. More than 62 % new customers have come to us by recommendation given by our referrals. We are proud of it and it motivates us to further development.<\/p>\n<\/div><\/div><\/div><\/div><\/div><\/div><\/div><\/section><section class=\"l-section wpb_row height_large\"><div class=\"l-section-h i-cf\"><div class=\"g-cols vc_row via_flex valign_top type_default stacking_default\"><div class=\"vc_col-sm-8 wpb_column vc_column_container\"><div class=\"vc_column-inner\"><div class=\"wpb_wrapper\"><div class=\"wpb_text_column\"><div class=\"wpb_wrapper\"><p>We work with a team of experts in area of:\u00a0<strong>tax regulations, accounting, economy, law and business management.<\/strong><\/p>\n<p>We provide our services to Polish and foreign customers. We serve our customers in Polish, Ukrainian, Russian and English language.<\/p>\n<\/div><\/div><div class=\"w-separator size_medium\"><\/div><div class=\"g-cols wpb_row via_flex valign_top type_default stacking_default\"><div class=\"vc_col-sm-4 wpb_column vc_column_container\"><div class=\"vc_column-inner\"><div class=\"wpb_wrapper\"><div class=\"w-image align_center\"><div class=\"w-image-h\"><img decoding=\"async\" width=\"150\" height=\"150\" src=\"https:\/\/lucrum.net.pl\/wp-content\/uploads\/2018\/06\/polski.png\" class=\"attachment-full size-full\" alt=\"\" loading=\"lazy\" \/><\/div><\/div><\/div><\/div><\/div><div class=\"vc_col-sm-4 wpb_column vc_column_container\"><div class=\"vc_column-inner\"><div class=\"wpb_wrapper\"><div class=\"w-image align_center\"><div class=\"w-image-h\"><img decoding=\"async\" width=\"150\" height=\"150\" src=\"https:\/\/lucrum.net.pl\/wp-content\/uploads\/2024\/04\/ukraina.png\" class=\"attachment-full size-full\" alt=\"\" loading=\"lazy\" \/><\/div><\/div><\/div><\/div><\/div><div class=\"vc_col-sm-4 wpb_column vc_column_container\"><div class=\"vc_column-inner\"><div class=\"wpb_wrapper\"><div class=\"w-image align_center\"><div class=\"w-image-h\"><img decoding=\"async\" width=\"150\" height=\"150\" src=\"https:\/\/lucrum.net.pl\/wp-content\/uploads\/2018\/06\/angielski.png\" class=\"attachment-full size-full\" alt=\"\" loading=\"lazy\" \/><\/div><\/div><\/div><\/div><\/div><\/div><div class=\"w-separator size_medium\"><\/div><div class=\"wpb_text_column\"><div class=\"wpb_wrapper\"><p>We successfully have served both, start-ups and well established companies of multimillion turnover.<\/p>\n<\/div><\/div><\/div><\/div><\/div><div class=\"vc_col-sm-4 wpb_column vc_column_container\"><div class=\"vc_column-inner\"><div class=\"wpb_wrapper\"><div class=\"w-image align_center\"><div class=\"w-image-h\"><img decoding=\"async\" width=\"288\" height=\"244\" src=\"https:\/\/lucrum.net.pl\/wp-content\/uploads\/2018\/07\/lucrumlogo2-1.jpg\" class=\"attachment-full size-full\" alt=\"\" loading=\"lazy\" \/><\/div><\/div><\/div><\/div><\/div><\/div><\/div><\/section><section class=\"l-section wpb_row height_large color_primary\"><div class=\"l-section-h i-cf\"><div class=\"g-cols vc_row via_flex valign_top type_default stacking_default\"><div class=\"vc_col-sm-12 wpb_column vc_column_container\"><div class=\"vc_column-inner\"><div class=\"wpb_wrapper\"><div class=\"wpb_text_column\"><div class=\"wpb_wrapper\"><h2 style=\"text-align: center;\">The mission of Lucrum<\/h2>\n<\/div><\/div><\/div><\/div><\/div><\/div><\/div><\/section><section class=\"l-section wpb_row height_large\"><div class=\"l-section-h i-cf\"><div class=\"g-cols vc_row via_flex valign_top type_default stacking_default\"><div class=\"vc_col-sm-12 wpb_column vc_column_container\"><div class=\"vc_column-inner\"><div class=\"wpb_wrapper\"><div class=\"g-cols wpb_row via_flex valign_top type_default stacking_default\"><div class=\"vc_col-sm-4 wpb_column vc_column_container\"><div class=\"vc_column-inner\"><div class=\"wpb_wrapper\"><div class=\"w-iconbox iconpos_top style_default color_primary align_center no_text icontype_img\"><div class=\"w-iconbox-icon\" style=\"font-size:150px;\"><img loading=\"lazy\" decoding=\"async\" width=\"220\" height=\"220\" src=\"https:\/\/lucrum.net.pl\/wp-content\/uploads\/2018\/06\/10.png\" class=\"attachment-full size-full\" alt=\"\" srcset=\"https:\/\/lucrum.net.pl\/wp-content\/uploads\/2018\/06\/10.png 220w, https:\/\/lucrum.net.pl\/wp-content\/uploads\/2018\/06\/10-150x150.png 150w\" sizes=\"(max-width: 220px) 100vw, 220px\" \/><\/div><div class=\"w-iconbox-meta\"><h3 class=\"w-iconbox-title\" style=\"font-size:20px;\">development of entrepreneurship in Poland<\/h3><\/div><\/div><\/div><\/div><\/div><div class=\"vc_col-sm-4 wpb_column vc_column_container\"><div class=\"vc_column-inner\"><div class=\"wpb_wrapper\"><div class=\"w-iconbox iconpos_top style_default color_primary align_center no_text icontype_img\"><div class=\"w-iconbox-icon\" style=\"font-size:150px;\"><img loading=\"lazy\" decoding=\"async\" width=\"220\" height=\"220\" src=\"https:\/\/lucrum.net.pl\/wp-content\/uploads\/2018\/06\/11.png\" class=\"attachment-full size-full\" alt=\"\" srcset=\"https:\/\/lucrum.net.pl\/wp-content\/uploads\/2018\/06\/11.png 220w, https:\/\/lucrum.net.pl\/wp-content\/uploads\/2018\/06\/11-150x150.png 150w\" sizes=\"(max-width: 220px) 100vw, 220px\" \/><\/div><div class=\"w-iconbox-meta\"><h3 class=\"w-iconbox-title\" style=\"font-size:20px;\">promotion and development of international trade in Central and Eastern Europe<\/h3><\/div><\/div><\/div><\/div><\/div><div class=\"vc_col-sm-4 wpb_column vc_column_container\"><div class=\"vc_column-inner\"><div class=\"wpb_wrapper\"><div class=\"w-iconbox iconpos_top style_default color_primary align_center no_text icontype_img\"><div class=\"w-iconbox-icon\" style=\"font-size:150px;\"><img loading=\"lazy\" decoding=\"async\" width=\"220\" height=\"220\" src=\"https:\/\/lucrum.net.pl\/wp-content\/uploads\/2018\/06\/12.png\" class=\"attachment-full size-full\" alt=\"\" srcset=\"https:\/\/lucrum.net.pl\/wp-content\/uploads\/2018\/06\/12.png 220w, https:\/\/lucrum.net.pl\/wp-content\/uploads\/2018\/06\/12-150x150.png 150w\" sizes=\"(max-width: 220px) 100vw, 220px\" \/><\/div><div class=\"w-iconbox-meta\"><h3 class=\"w-iconbox-title\" style=\"font-size:20px;\">preparation of students to enter labour market<\/h3><\/div><\/div><\/div><\/div><\/div><\/div><div class=\"w-separator size_large\"><\/div><div class=\"g-cols wpb_row via_flex valign_top type_default stacking_default\"><div class=\"vc_col-sm-8 wpb_column vc_column_container\"><div class=\"vc_column-inner\"><div class=\"wpb_wrapper\"><div class=\"wpb_text_column\"><div class=\"wpb_wrapper\"><p>For years we have supported development of entrepreneurship not only by registering new companies, but also by providing them with legal, accounting and tax settlement assistance in order to ensure their safe operation in Poland and on international market. Knowing the importance of efficiency, we provide professional consultancy on operation and tax restructuring.<\/p>\n<p>The future of Polish business is important to us, therefore we have organized apprenticeships and trainings for students to improve qualifications of future staff based on the agreements concluded with the University of Economy in Cracow and Andrzej Frycz Modrzewski Cracow University.<\/p>\n<p>In order to achieve our mission we also partner, as a mentor, with Academic Incubator of Entrepreneurship, Development Agency of Western Ma\u0142opolska, AGH and Jagiellonian University Incubators of Entrepreneurship and other organizations supporting development and competitiveness of startups.<\/p>\n<\/div><\/div><\/div><\/div><\/div><div class=\"vc_col-sm-4 wpb_column vc_column_container\"><div class=\"vc_column-inner\"><div class=\"wpb_wrapper\"><div class=\"w-image align_center\"><div class=\"w-image-h\"><img decoding=\"async\" width=\"500\" height=\"339\" src=\"https:\/\/lucrum.net.pl\/wp-content\/uploads\/2018\/06\/certyfikat.jpg\" class=\"attachment-full size-full\" alt=\"\" loading=\"lazy\" srcset=\"https:\/\/lucrum.net.pl\/wp-content\/uploads\/2018\/06\/certyfikat.jpg 500w, https:\/\/lucrum.net.pl\/wp-content\/uploads\/2018\/06\/certyfikat-300x203.jpg 300w\" sizes=\"(max-width: 500px) 100vw, 500px\" \/><\/div><\/div><\/div><\/div><\/div><\/div><\/div><\/div><\/div><\/div><\/div><\/section><section class=\"l-section wpb_row height_large color_primary\"><div class=\"l-section-h i-cf\"><div class=\"g-cols vc_row via_flex valign_top type_default stacking_default\"><div class=\"vc_col-sm-12 wpb_column vc_column_container\"><div class=\"vc_column-inner\"><div class=\"wpb_wrapper\"><div class=\"wpb_text_column\"><div class=\"wpb_wrapper\"><h2 style=\"text-align: center;\">PARTNERS<\/h2>\n<\/div><\/div><\/div><\/div><\/div><\/div><\/div><\/section><section class=\"l-section wpb_row j-piata height_large\"><div class=\"l-section-h i-cf\"><div class=\"g-cols vc_row via_flex valign_middle type_default stacking_default\"><div class=\"vc_col-sm-2 wpb_column vc_column_container\"><div class=\"vc_column-inner\"><div class=\"wpb_wrapper\"><div class=\"w-image align_center\"><div class=\"w-image-h\"><img decoding=\"async\" width=\"250\" height=\"250\" src=\"https:\/\/lucrum.net.pl\/wp-content\/uploads\/2018\/06\/krakow.jpg\" class=\"attachment-full size-full\" alt=\"\" loading=\"lazy\" srcset=\"https:\/\/lucrum.net.pl\/wp-content\/uploads\/2018\/06\/krakow.jpg 250w, https:\/\/lucrum.net.pl\/wp-content\/uploads\/2018\/06\/krakow-150x150.jpg 150w\" sizes=\"(max-width: 250px) 100vw, 250px\" \/><\/div><\/div><\/div><\/div><\/div><div class=\"vc_col-sm-2 wpb_column vc_column_container\"><div class=\"vc_column-inner\"><div class=\"wpb_wrapper\"><div class=\"wpb_text_column text-center\"><div class=\"wpb_wrapper\"><h4>KIDR<\/h4>\n<\/div><\/div><\/div><\/div><\/div><div class=\"vc_col-sm-2 wpb_column vc_column_container\"><div class=\"vc_column-inner\"><div class=\"wpb_wrapper\"><div class=\"w-image align_center\"><div class=\"w-image-h\"><img decoding=\"async\" width=\"250\" height=\"250\" src=\"https:\/\/lucrum.net.pl\/wp-content\/uploads\/2018\/07\/logo-sk.jpg\" class=\"attachment-full size-full\" alt=\"\" loading=\"lazy\" srcset=\"https:\/\/lucrum.net.pl\/wp-content\/uploads\/2018\/07\/logo-sk.jpg 250w, https:\/\/lucrum.net.pl\/wp-content\/uploads\/2018\/07\/logo-sk-150x150.jpg 150w\" sizes=\"(max-width: 250px) 100vw, 250px\" \/><\/div><\/div><\/div><\/div><\/div><div class=\"vc_col-sm-2 wpb_column vc_column_container\"><div class=\"vc_column-inner\"><div class=\"wpb_wrapper\"><div class=\"w-image align_center\"><div class=\"w-image-h\"><img decoding=\"async\" width=\"250\" height=\"250\" src=\"https:\/\/lucrum.net.pl\/wp-content\/uploads\/2018\/06\/ua.jpg\" class=\"attachment-full size-full\" alt=\"\" loading=\"lazy\" srcset=\"https:\/\/lucrum.net.pl\/wp-content\/uploads\/2018\/06\/ua.jpg 250w, https:\/\/lucrum.net.pl\/wp-content\/uploads\/2018\/06\/ua-150x150.jpg 150w\" sizes=\"(max-width: 250px) 100vw, 250px\" \/><\/div><\/div><\/div><\/div><\/div><div class=\"vc_col-sm-2 wpb_column vc_column_container\"><div class=\"vc_column-inner\"><div class=\"wpb_wrapper\"><div class=\"w-image align_center\"><div class=\"w-image-h\"><img decoding=\"async\" width=\"250\" height=\"250\" src=\"https:\/\/lucrum.net.pl\/wp-content\/uploads\/2018\/06\/inkubatory.jpg\" class=\"attachment-full size-full\" alt=\"\" loading=\"lazy\" srcset=\"https:\/\/lucrum.net.pl\/wp-content\/uploads\/2018\/06\/inkubatory.jpg 250w, https:\/\/lucrum.net.pl\/wp-content\/uploads\/2018\/06\/inkubatory-150x150.jpg 150w\" sizes=\"(max-width: 250px) 100vw, 250px\" \/><\/div><\/div><\/div><\/div><\/div><\/div><\/div><\/section>\n","protected":false},"excerpt":{"rendered":"ABOUT US The Lucrum Group has been providing professional services for economic operators for more than fourteen years in the scope of: accountingtax settlementcompany registrationcommercial law consultingmarket analysiscompany restructuring and bankruptcyleases and loansforeign marketsOur long-term activity has resulted in attracting confidence of few hundreds customers. The Customer\u2019s satisfaction and feeling of safety are our top...","protected":false},"author":1,"featured_media":0,"parent":0,"menu_order":0,"comment_status":"closed","ping_status":"closed","template":"","meta":{"footnotes":""},"class_list":["post-2316","page","type-page","status-publish","hentry"],"yoast_head":"<!-- This site is optimized with the Yoast SEO plugin v23.6 - https:\/\/yoast.com\/wordpress\/plugins\/seo\/ -->\n<title>About us - Lucrum<\/title>\n<meta name=\"description\" content=\"Grupa LUCRUM to zesp\u00f3\u0142 ekspert\u00f3w z dziedzin: podatk\u00f3w, rachunkowo\u015bci, ekonomii, prawa oraz zarz\u0105dzania przedsi\u0119biorstwem. Jeste\u015bmy na rynku ponad 10 lat\" \/>\n<meta name=\"robots\" content=\"index, follow, max-snippet:-1, max-image-preview:large, max-video-preview:-1\" \/>\n<link rel=\"canonical\" href=\"https:\/\/lucrum.net.pl\/en\/about-us\/\" \/>\n<meta property=\"og:locale\" content=\"en_US\" \/>\n<meta property=\"og:type\" content=\"article\" \/>\n<meta property=\"og:title\" content=\"About us - Lucrum\" \/>\n<meta property=\"og:description\" content=\"Grupa LUCRUM to zesp\u00f3\u0142 ekspert\u00f3w z dziedzin: podatk\u00f3w, rachunkowo\u015bci, ekonomii, prawa oraz zarz\u0105dzania przedsi\u0119biorstwem. Jeste\u015bmy na rynku ponad 10 lat\" \/>\n<meta property=\"og:url\" content=\"https:\/\/lucrum.net.pl\/en\/about-us\/\" \/>\n<meta property=\"og:site_name\" content=\"Lucrum\" \/>\n<meta property=\"article:modified_time\" content=\"2024-04-12T20:18:28+00:00\" \/>\n<meta name=\"twitter:card\" content=\"summary_large_image\" \/>\n<meta name=\"twitter:label1\" content=\"Est. reading time\" \/>\n\t<meta name=\"twitter:data1\" content=\"3 minutes\" \/>\n<script type=\"application\/ld+json\" class=\"yoast-schema-graph\">{\"@context\":\"https:\/\/schema.org\",\"@graph\":[{\"@type\":\"WebPage\",\"@id\":\"https:\/\/lucrum.net.pl\/en\/about-us\/\",\"url\":\"https:\/\/lucrum.net.pl\/en\/about-us\/\",\"name\":\"About us - Lucrum\",\"isPartOf\":{\"@id\":\"https:\/\/lucrum.net.pl\/#website\"},\"datePublished\":\"2015-09-03T15:04:05+00:00\",\"dateModified\":\"2024-04-12T20:18:28+00:00\",\"description\":\"Grupa LUCRUM to zesp\u00f3\u0142 ekspert\u00f3w z dziedzin: podatk\u00f3w, rachunkowo\u015bci, ekonomii, prawa oraz zarz\u0105dzania przedsi\u0119biorstwem. Jeste\u015bmy na rynku ponad 10 lat\",\"breadcrumb\":{\"@id\":\"https:\/\/lucrum.net.pl\/en\/about-us\/#breadcrumb\"},\"inLanguage\":\"en-US\",\"potentialAction\":[{\"@type\":\"ReadAction\",\"target\":[\"https:\/\/lucrum.net.pl\/en\/about-us\/\"]}]},{\"@type\":\"BreadcrumbList\",\"@id\":\"https:\/\/lucrum.net.pl\/en\/about-us\/#breadcrumb\",\"itemListElement\":[{\"@type\":\"ListItem\",\"position\":1,\"name\":\"Strona g\u0142\u00f3wna\",\"item\":\"https:\/\/lucrum.net.pl\/en\/\"},{\"@type\":\"ListItem\",\"position\":2,\"name\":\"About us\"}]},{\"@type\":\"WebSite\",\"@id\":\"https:\/\/lucrum.net.pl\/#website\",\"url\":\"https:\/\/lucrum.net.pl\/\",\"name\":\"Lucrum\",\"description\":\"Ksi\u0119gowo\u015b\u0107, Podatki\",\"potentialAction\":[{\"@type\":\"SearchAction\",\"target\":{\"@type\":\"EntryPoint\",\"urlTemplate\":\"https:\/\/lucrum.net.pl\/?s={search_term_string}\"},\"query-input\":{\"@type\":\"PropertyValueSpecification\",\"valueRequired\":true,\"valueName\":\"search_term_string\"}}],\"inLanguage\":\"en-US\"}]}<\/script>\n<!-- \/ Yoast SEO plugin. -->","yoast_head_json":{"title":"About us - Lucrum","description":"Grupa LUCRUM to zesp\u00f3\u0142 ekspert\u00f3w z dziedzin: podatk\u00f3w, rachunkowo\u015bci, ekonomii, prawa oraz zarz\u0105dzania przedsi\u0119biorstwem. Jeste\u015bmy na rynku ponad 10 lat","robots":{"index":"index","follow":"follow","max-snippet":"max-snippet:-1","max-image-preview":"max-image-preview:large","max-video-preview":"max-video-preview:-1"},"canonical":"https:\/\/lucrum.net.pl\/en\/about-us\/","og_locale":"en_US","og_type":"article","og_title":"About us - Lucrum","og_description":"Grupa LUCRUM to zesp\u00f3\u0142 ekspert\u00f3w z dziedzin: podatk\u00f3w, rachunkowo\u015bci, ekonomii, prawa oraz zarz\u0105dzania przedsi\u0119biorstwem. Jeste\u015bmy na rynku ponad 10 lat","og_url":"https:\/\/lucrum.net.pl\/en\/about-us\/","og_site_name":"Lucrum","article_modified_time":"2024-04-12T20:18:28+00:00","twitter_card":"summary_large_image","twitter_misc":{"Est. reading time":"3 minutes"},"schema":{"@context":"https:\/\/schema.org","@graph":[{"@type":"WebPage","@id":"https:\/\/lucrum.net.pl\/en\/about-us\/","url":"https:\/\/lucrum.net.pl\/en\/about-us\/","name":"About us - Lucrum","isPartOf":{"@id":"https:\/\/lucrum.net.pl\/#website"},"datePublished":"2015-09-03T15:04:05+00:00","dateModified":"2024-04-12T20:18:28+00:00","description":"Grupa LUCRUM to zesp\u00f3\u0142 ekspert\u00f3w z dziedzin: podatk\u00f3w, rachunkowo\u015bci, ekonomii, prawa oraz zarz\u0105dzania przedsi\u0119biorstwem. Jeste\u015bmy na rynku ponad 10 lat","breadcrumb":{"@id":"https:\/\/lucrum.net.pl\/en\/about-us\/#breadcrumb"},"inLanguage":"en-US","potentialAction":[{"@type":"ReadAction","target":["https:\/\/lucrum.net.pl\/en\/about-us\/"]}]},{"@type":"BreadcrumbList","@id":"https:\/\/lucrum.net.pl\/en\/about-us\/#breadcrumb","itemListElement":[{"@type":"ListItem","position":1,"name":"Strona g\u0142\u00f3wna","item":"https:\/\/lucrum.net.pl\/en\/"},{"@type":"ListItem","position":2,"name":"About us"}]},{"@type":"WebSite","@id":"https:\/\/lucrum.net.pl\/#website","url":"https:\/\/lucrum.net.pl\/","name":"Lucrum","description":"Ksi\u0119gowo\u015b\u0107, Podatki","potentialAction":[{"@type":"SearchAction","target":{"@type":"EntryPoint","urlTemplate":"https:\/\/lucrum.net.pl\/?s={search_term_string}"},"query-input":{"@type":"PropertyValueSpecification","valueRequired":true,"valueName":"search_term_string"}}],"inLanguage":"en-US"}]}},"_links":{"self":[{"href":"https:\/\/lucrum.net.pl\/en\/wp-json\/wp\/v2\/pages\/2316"}],"collection":[{"href":"https:\/\/lucrum.net.pl\/en\/wp-json\/wp\/v2\/pages"}],"about":[{"href":"https:\/\/lucrum.net.pl\/en\/wp-json\/wp\/v2\/types\/page"}],"author":[{"embeddable":true,"href":"https:\/\/lucrum.net.pl\/en\/wp-json\/wp\/v2\/users\/1"}],"replies":[{"embeddable":true,"href":"https:\/\/lucrum.net.pl\/en\/wp-json\/wp\/v2\/comments?post=2316"}],"version-history":[{"count":9,"href":"https:\/\/lucrum.net.pl\/en\/wp-json\/wp\/v2\/pages\/2316\/revisions"}],"predecessor-version":[{"id":3206,"href":"https:\/\/lucrum.net.pl\/en\/wp-json\/wp\/v2\/pages\/2316\/revisions\/3206"}],"wp:attachment":[{"href":"https:\/\/lucrum.net.pl\/en\/wp-json\/wp\/v2\/media?parent=2316"}],"curies":[{"name":"wp","href":"https:\/\/api.w.org\/{rel}","templated":true}]}}