{"id":2548,"date":"2018-06-24T04:00:56","date_gmt":"2018-06-24T02:00:56","guid":{"rendered":"http:\/\/lucrum.net.pl\/?page_id=2548"},"modified":"2019-03-11T11:11:05","modified_gmt":"2019-03-11T10:11:05","slug":"company-registration","status":"publish","type":"page","link":"https:\/\/lucrum.net.pl\/en\/company-registration\/","title":{"rendered":"Company registration"},"content":{"rendered":"<section class=\"l-section wpb_row height_large color_primary\"><div class=\"l-section-h i-cf\"><div class=\"g-cols vc_row via_flex valign_top type_default stacking_default\"><div class=\"vc_col-sm-12 wpb_column vc_column_container\"><div class=\"vc_column-inner\"><div class=\"wpb_wrapper\"><div class=\"wpb_text_column\"><div class=\"wpb_wrapper\"><h1 style=\"text-align: center;\">Company registration<\/h1>\n<\/div><\/div><\/div><\/div><\/div><\/div><\/div><\/section><section class=\"l-section wpb_row height_large\"><div class=\"l-section-h i-cf\"><div class=\"g-cols vc_row via_flex valign_top type_default stacking_default\"><div class=\"vc_col-sm-12 wpb_column vc_column_container\"><div class=\"vc_column-inner\"><div class=\"wpb_wrapper\"><div class=\"wpb_text_column font-b text-center\"><div class=\"wpb_wrapper\"><p>Company registration is more than a legal service&#8230;<br \/>\nTherefore, when establishing your company, we provide a multi-faceted approach taking into account legal, accounting, business and tax optimization requirements.<\/p>\n<\/div><\/div><div class=\"w-separator size_large\"><\/div><div class=\"wpb_text_column\"><div class=\"wpb_wrapper\"><p><strong>The company registration services comprise comprehensive package of activities aiming at establishing a business entity. The package comprises:<\/strong><\/p>\n<\/div><\/div><div class=\"w-separator size_medium\"><\/div><div class=\"g-cols wpb_row via_flex valign_top type_default stacking_default\"><div class=\"vc_col-sm-6 wpb_column vc_column_container\"><div class=\"vc_column-inner\"><div class=\"wpb_wrapper\"><div class=\"wpb_text_column ul-check\"><div class=\"wpb_wrapper\"><ul>\n<li>Legal and accounting consultancy<\/li>\n<li>Tax Consulting<\/li>\n<li>Selection of PKD (Polish Classification of Activities)<\/li>\n<li>Checking the name of the company as to the possible violation of rights of third parties<\/li>\n<li>Preparation of the draft deed of the company<\/li>\n<\/ul>\n<\/div><\/div><\/div><\/div><\/div><div class=\"vc_col-sm-6 wpb_column vc_column_container\"><div class=\"vc_column-inner\"><div class=\"wpb_wrapper\"><div class=\"wpb_text_column ul-check\"><div class=\"wpb_wrapper\"><ul>\n<li>Signing of a notary deed-notary and sworn translator services<\/li>\n<li>Selection of taxation form<\/li>\n<li>Preparation and submission of documents to the government offices and the National Court Register<\/li>\n<li>Support in choosing the legal address<\/li>\n<li>Registration at the Revenue and Customs Office and the Social Insurance Institution (ZUS)<\/li>\n<\/ul>\n<\/div><\/div><\/div><\/div><\/div><\/div><div class=\"w-separator size_medium with_line width_default thick_1 style_solid color_primary align_center\"><div class=\"w-separator-h\"><\/div><\/div><div class=\"wpb_text_column\"><div class=\"wpb_wrapper\"><p>During the registration process, we represent the Customer before <strong>all government bodies.<\/strong><\/p>\n<\/div><\/div><div class=\"w-separator size_large with_line width_default thick_1 style_solid color_primary align_center\"><div class=\"w-separator-h\"><\/div><\/div><div class=\"wpb_text_column text-center font-b\"><div class=\"wpb_wrapper\"><p>We provide services in Polish, Russian and English language:<\/p>\n<\/div><\/div><div class=\"w-separator size_medium\"><\/div><div class=\"g-cols wpb_row via_flex valign_top type_default stacking_default\"><div class=\"vc_col-sm-4 wpb_column vc_column_container\"><div class=\"vc_column-inner\"><div class=\"wpb_wrapper\"><div class=\"w-image align_center\"><div class=\"w-image-h\"><img decoding=\"async\" width=\"150\" height=\"150\" src=\"https:\/\/lucrum.net.pl\/wp-content\/uploads\/2018\/06\/polski.png\" class=\"attachment-full size-full\" alt=\"\" loading=\"lazy\" \/><\/div><\/div><\/div><\/div><\/div><div class=\"vc_col-sm-4 wpb_column vc_column_container\"><div class=\"vc_column-inner\"><div class=\"wpb_wrapper\"><div class=\"w-image align_center\"><div class=\"w-image-h\"><img decoding=\"async\" width=\"150\" height=\"150\" src=\"https:\/\/lucrum.net.pl\/wp-content\/uploads\/2018\/06\/angielski.png\" class=\"attachment-full size-full\" alt=\"\" loading=\"lazy\" \/><\/div><\/div><\/div><\/div><\/div><div class=\"vc_col-sm-4 wpb_column vc_column_container\"><div class=\"vc_column-inner\"><div class=\"wpb_wrapper\"><div class=\"w-image align_center\"><div class=\"w-image-h\"><img decoding=\"async\" width=\"150\" height=\"150\" src=\"https:\/\/lucrum.net.pl\/wp-content\/uploads\/2018\/06\/rosyjski.png\" class=\"attachment-full size-full\" alt=\"\" loading=\"lazy\" \/><\/div><\/div><\/div><\/div><\/div><\/div><div class=\"w-separator size_large with_line width_default thick_1 style_solid color_primary align_center\"><div class=\"w-separator-h\"><\/div><\/div><div class=\"wpb_text_column text-center font-b\"><div class=\"wpb_wrapper\"><p>We support the registration of:<\/p>\n<\/div><\/div><div class=\"w-separator size_medium\"><\/div><div class=\"g-cols wpb_row via_flex valign_top type_default stacking_default\"><div class=\"vc_col-sm-6 wpb_column vc_column_container\"><div class=\"vc_column-inner\"><div class=\"wpb_wrapper\"><div class=\"wpb_text_column ul-check\"><div class=\"wpb_wrapper\"><ul>\n<li>sole proprietorship<\/li>\n<li>civil partnerships<\/li>\n<li>commercial law companies<\/li>\n<li>partner companies<\/li>\n<li>limited partnerships<\/li>\n<\/ul>\n<\/div><\/div><\/div><\/div><\/div><div class=\"vc_col-sm-6 wpb_column vc_column_container\"><div class=\"vc_column-inner\"><div class=\"wpb_wrapper\"><div class=\"wpb_text_column ul-check\"><div class=\"wpb_wrapper\"><ul>\n<li>limited joint-stock partnerships<\/li>\n<li>limited liability companies<\/li>\n<li>joint stock companies<\/li>\n<li>foundations<\/li>\n<li>associations<\/li>\n<\/ul>\n<\/div><\/div><\/div><\/div><\/div><\/div><div class=\"w-separator size_large with_line width_default thick_1 style_solid color_primary align_center\"><div class=\"w-separator-h\"><\/div><\/div><div class=\"wpb_text_column text-justify font-b\"><div class=\"wpb_wrapper\"><p><strong>Employee recruitment<\/strong> \u2013 company registration, in a number of cases, is connected with staff employment. We specialise in the recruitment of managerial staff, sales representatives, and administrative personnel. Out of several dozens of candidates for a single position, we present 3 bests candidates. We have our proprietary know-how developed over the years and experience personnel.<\/p>\n<\/div><\/div><\/div><\/div><\/div><\/div><\/div><\/section><section class=\"l-section wpb_row height_large color_primary\"><div class=\"l-section-h i-cf\"><div class=\"g-cols vc_row via_flex valign_top type_default stacking_default\"><div class=\"vc_col-sm-12 wpb_column vc_column_container\"><div class=\"vc_column-inner\"><div class=\"wpb_wrapper\"><div class=\"wpb_text_column text-center\"><div class=\"wpb_wrapper\"><h2>CONTACT US<\/h2>\n<\/div><\/div><\/div><\/div><\/div><\/div><\/div><\/section><section class=\"l-section wpb_row height_large\"><div class=\"l-section-h i-cf\"><div class=\"g-cols vc_row via_flex valign_top type_default stacking_default\"><div class=\"vc_col-sm-12 wpb_column vc_column_container\"><div class=\"vc_column-inner\"><div class=\"wpb_wrapper\">\n<div class=\"wpcf7 no-js\" id=\"wpcf7-f2329-o1\" lang=\"pl-PL\" dir=\"ltr\">\n<div class=\"screen-reader-response\"><p role=\"status\" aria-live=\"polite\" aria-atomic=\"true\"><\/p> <ul><\/ul><\/div>\n<form action=\"\/en\/wp-json\/wp\/v2\/pages\/2548#wpcf7-f2329-o1\" method=\"post\" class=\"wpcf7-form init\" aria-label=\"Formularz kontaktowy\" novalidate=\"novalidate\" data-status=\"init\">\n<div style=\"display: none;\">\n<input type=\"hidden\" name=\"_wpcf7\" value=\"2329\" \/>\n<input type=\"hidden\" name=\"_wpcf7_version\" value=\"5.9.8\" \/>\n<input type=\"hidden\" name=\"_wpcf7_locale\" value=\"pl_PL\" \/>\n<input type=\"hidden\" name=\"_wpcf7_unit_tag\" value=\"wpcf7-f2329-o1\" \/>\n<input type=\"hidden\" name=\"_wpcf7_container_post\" value=\"0\" \/>\n<input type=\"hidden\" name=\"_wpcf7_posted_data_hash\" value=\"\" \/>\n<input type=\"hidden\" name=\"_wpcf7cf_hidden_group_fields\" value=\"[]\" \/>\n<input type=\"hidden\" name=\"_wpcf7cf_hidden_groups\" value=\"[]\" \/>\n<input type=\"hidden\" name=\"_wpcf7cf_visible_groups\" value=\"[]\" \/>\n<input type=\"hidden\" name=\"_wpcf7cf_repeaters\" value=\"[]\" \/>\n<input type=\"hidden\" name=\"_wpcf7cf_steps\" value=\"{}\" \/>\n<input type=\"hidden\" name=\"_wpcf7cf_options\" value=\"{&quot;form_id&quot;:2329,&quot;conditions&quot;:[],&quot;settings&quot;:{&quot;animation&quot;:&quot;yes&quot;,&quot;animation_intime&quot;:200,&quot;animation_outtime&quot;:200,&quot;conditions_ui&quot;:&quot;normal&quot;,&quot;notice_dismissed&quot;:false}}\" \/>\n<input type=\"hidden\" name=\"_wpcf7_recaptcha_response\" value=\"\" \/>\n<\/div>\n<p><span class=\"wpcf7-form-control-wrap\" data-name=\"your-name\"><input size=\"40\" maxlength=\"400\" class=\"wpcf7-form-control wpcf7-text\" aria-invalid=\"false\" placeholder=\"First and last name\" value=\"\" type=\"text\" name=\"your-name\" \/><\/span>\n<\/p>\n<p><span class=\"wpcf7-form-control-wrap\" data-name=\"your-email\"><input size=\"40\" maxlength=\"400\" class=\"wpcf7-form-control wpcf7-email wpcf7-validates-as-required wpcf7-text wpcf7-validates-as-email\" aria-required=\"true\" aria-invalid=\"false\" placeholder=\"E-mail\" value=\"\" type=\"email\" name=\"your-email\" \/><\/span>\n<\/p>\n<p><span class=\"wpcf7-form-control-wrap\" data-name=\"tel-517\"><input size=\"40\" maxlength=\"400\" class=\"wpcf7-form-control wpcf7-tel wpcf7-validates-as-required wpcf7-text wpcf7-validates-as-tel\" aria-required=\"true\" aria-invalid=\"false\" placeholder=\"Tel.no.\" value=\"\" type=\"tel\" name=\"tel-517\" \/><\/span>\n<\/p>\n<p><span class=\"wpcf7-form-control-wrap\" data-name=\"your-message\"><textarea cols=\"40\" rows=\"10\" maxlength=\"2000\" class=\"wpcf7-form-control wpcf7-textarea\" aria-invalid=\"false\" placeholder=\"Message\" name=\"your-message\"><\/textarea><\/span>\n<\/p>\n<p><input class=\"wpcf7-form-control wpcf7-submit has-spinner\" type=\"submit\" value=\"Send\" \/>\n<\/p><div class=\"wpcf7-response-output\" aria-hidden=\"true\"><\/div>\n<\/form>\n<\/div>\n<\/div><\/div><\/div><\/div><\/div><\/section>\n","protected":false},"excerpt":{"rendered":"Company registration Company registration is more than a legal service&#8230; Therefore, when establishing your company, we provide a multi-faceted approach taking into account legal, accounting, business and tax optimization requirements. The company registration services comprise comprehensive package of activities aiming at establishing a business entity. The package comprises: Legal and accounting consultancy Tax Consulting Selection...","protected":false},"author":1,"featured_media":0,"parent":0,"menu_order":0,"comment_status":"closed","ping_status":"closed","template":"","meta":{"footnotes":""},"class_list":["post-2548","page","type-page","status-publish","hentry"],"yoast_head":"<!-- This site is optimized with the Yoast SEO plugin v23.6 - https:\/\/yoast.com\/wordpress\/plugins\/seo\/ -->\n<title>Company registration - Lucrum<\/title>\n<meta name=\"robots\" content=\"index, follow, max-snippet:-1, max-image-preview:large, max-video-preview:-1\" \/>\n<link rel=\"canonical\" href=\"https:\/\/lucrum.net.pl\/en\/company-registration\/\" \/>\n<meta property=\"og:locale\" content=\"en_US\" \/>\n<meta property=\"og:type\" content=\"article\" \/>\n<meta property=\"og:title\" content=\"Company registration - Lucrum\" \/>\n<meta property=\"og:url\" content=\"https:\/\/lucrum.net.pl\/en\/company-registration\/\" \/>\n<meta property=\"og:site_name\" content=\"Lucrum\" \/>\n<meta property=\"article:modified_time\" content=\"2019-03-11T10:11:05+00:00\" \/>\n<meta name=\"twitter:card\" content=\"summary_large_image\" \/>\n<meta name=\"twitter:label1\" content=\"Est. reading time\" \/>\n\t<meta name=\"twitter:data1\" content=\"3 minutes\" \/>\n<script type=\"application\/ld+json\" class=\"yoast-schema-graph\">{\"@context\":\"https:\/\/schema.org\",\"@graph\":[{\"@type\":\"WebPage\",\"@id\":\"https:\/\/lucrum.net.pl\/en\/company-registration\/\",\"url\":\"https:\/\/lucrum.net.pl\/en\/company-registration\/\",\"name\":\"Company registration - Lucrum\",\"isPartOf\":{\"@id\":\"https:\/\/lucrum.net.pl\/#website\"},\"datePublished\":\"2018-06-24T02:00:56+00:00\",\"dateModified\":\"2019-03-11T10:11:05+00:00\",\"breadcrumb\":{\"@id\":\"https:\/\/lucrum.net.pl\/en\/company-registration\/#breadcrumb\"},\"inLanguage\":\"en-US\",\"potentialAction\":[{\"@type\":\"ReadAction\",\"target\":[\"https:\/\/lucrum.net.pl\/en\/company-registration\/\"]}]},{\"@type\":\"BreadcrumbList\",\"@id\":\"https:\/\/lucrum.net.pl\/en\/company-registration\/#breadcrumb\",\"itemListElement\":[{\"@type\":\"ListItem\",\"position\":1,\"name\":\"Strona g\u0142\u00f3wna\",\"item\":\"https:\/\/lucrum.net.pl\/en\/\"},{\"@type\":\"ListItem\",\"position\":2,\"name\":\"Company registration\"}]},{\"@type\":\"WebSite\",\"@id\":\"https:\/\/lucrum.net.pl\/#website\",\"url\":\"https:\/\/lucrum.net.pl\/\",\"name\":\"Lucrum\",\"description\":\"Ksi\u0119gowo\u015b\u0107, Podatki\",\"potentialAction\":[{\"@type\":\"SearchAction\",\"target\":{\"@type\":\"EntryPoint\",\"urlTemplate\":\"https:\/\/lucrum.net.pl\/?s={search_term_string}\"},\"query-input\":{\"@type\":\"PropertyValueSpecification\",\"valueRequired\":true,\"valueName\":\"search_term_string\"}}],\"inLanguage\":\"en-US\"}]}<\/script>\n<!-- \/ Yoast SEO plugin. -->","yoast_head_json":{"title":"Company registration - Lucrum","robots":{"index":"index","follow":"follow","max-snippet":"max-snippet:-1","max-image-preview":"max-image-preview:large","max-video-preview":"max-video-preview:-1"},"canonical":"https:\/\/lucrum.net.pl\/en\/company-registration\/","og_locale":"en_US","og_type":"article","og_title":"Company registration - Lucrum","og_url":"https:\/\/lucrum.net.pl\/en\/company-registration\/","og_site_name":"Lucrum","article_modified_time":"2019-03-11T10:11:05+00:00","twitter_card":"summary_large_image","twitter_misc":{"Est. reading time":"3 minutes"},"schema":{"@context":"https:\/\/schema.org","@graph":[{"@type":"WebPage","@id":"https:\/\/lucrum.net.pl\/en\/company-registration\/","url":"https:\/\/lucrum.net.pl\/en\/company-registration\/","name":"Company registration - Lucrum","isPartOf":{"@id":"https:\/\/lucrum.net.pl\/#website"},"datePublished":"2018-06-24T02:00:56+00:00","dateModified":"2019-03-11T10:11:05+00:00","breadcrumb":{"@id":"https:\/\/lucrum.net.pl\/en\/company-registration\/#breadcrumb"},"inLanguage":"en-US","potentialAction":[{"@type":"ReadAction","target":["https:\/\/lucrum.net.pl\/en\/company-registration\/"]}]},{"@type":"BreadcrumbList","@id":"https:\/\/lucrum.net.pl\/en\/company-registration\/#breadcrumb","itemListElement":[{"@type":"ListItem","position":1,"name":"Strona g\u0142\u00f3wna","item":"https:\/\/lucrum.net.pl\/en\/"},{"@type":"ListItem","position":2,"name":"Company registration"}]},{"@type":"WebSite","@id":"https:\/\/lucrum.net.pl\/#website","url":"https:\/\/lucrum.net.pl\/","name":"Lucrum","description":"Ksi\u0119gowo\u015b\u0107, Podatki","potentialAction":[{"@type":"SearchAction","target":{"@type":"EntryPoint","urlTemplate":"https:\/\/lucrum.net.pl\/?s={search_term_string}"},"query-input":{"@type":"PropertyValueSpecification","valueRequired":true,"valueName":"search_term_string"}}],"inLanguage":"en-US"}]}},"_links":{"self":[{"href":"https:\/\/lucrum.net.pl\/en\/wp-json\/wp\/v2\/pages\/2548"}],"collection":[{"href":"https:\/\/lucrum.net.pl\/en\/wp-json\/wp\/v2\/pages"}],"about":[{"href":"https:\/\/lucrum.net.pl\/en\/wp-json\/wp\/v2\/types\/page"}],"author":[{"embeddable":true,"href":"https:\/\/lucrum.net.pl\/en\/wp-json\/wp\/v2\/users\/1"}],"replies":[{"embeddable":true,"href":"https:\/\/lucrum.net.pl\/en\/wp-json\/wp\/v2\/comments?post=2548"}],"version-history":[{"count":10,"href":"https:\/\/lucrum.net.pl\/en\/wp-json\/wp\/v2\/pages\/2548\/revisions"}],"predecessor-version":[{"id":3102,"href":"https:\/\/lucrum.net.pl\/en\/wp-json\/wp\/v2\/pages\/2548\/revisions\/3102"}],"wp:attachment":[{"href":"https:\/\/lucrum.net.pl\/en\/wp-json\/wp\/v2\/media?parent=2548"}],"curies":[{"name":"wp","href":"https:\/\/api.w.org\/{rel}","templated":true}]}}