{"id":2574,"date":"2018-06-24T04:20:18","date_gmt":"2018-06-24T02:20:18","guid":{"rendered":"http:\/\/lucrum.net.pl\/leasing-i-kredyty\/"},"modified":"2018-06-24T04:31:31","modified_gmt":"2018-06-24T02:31:31","slug":"leases-and-loans","status":"publish","type":"page","link":"https:\/\/lucrum.net.pl\/en\/leases-and-loans\/","title":{"rendered":"Leases and loans"},"content":{"rendered":"<section class=\"l-section wpb_row height_large color_primary\"><div class=\"l-section-h i-cf\"><div class=\"g-cols vc_row via_flex valign_top type_default stacking_default\"><div class=\"vc_col-sm-12 wpb_column vc_column_container\"><div class=\"vc_column-inner\"><div class=\"wpb_wrapper\"><div class=\"wpb_text_column\"><div class=\"wpb_wrapper\"><h1 style=\"text-align: center;\">Leases and loans<\/h1>\n<\/div><\/div><\/div><\/div><\/div><\/div><\/div><\/section><section class=\"l-section wpb_row height_large\"><div class=\"l-section-h i-cf\"><div class=\"g-cols vc_row via_flex valign_top type_default stacking_default\"><div class=\"vc_col-sm-12 wpb_column vc_column_container\"><div class=\"vc_column-inner\"><div class=\"wpb_wrapper\"><div class=\"wpb_text_column\"><div class=\"wpb_wrapper\"><p>Within the scope of our activity, we cooperate with renowned lease companies and banks operating in the country. Therefore, thanks to a wide range of options, we can compose a suitable, financially attractive offer matching the individual needs of clients. As experts in the field of law and accountancy, we explain the essence of legal provisions to our clients. We offer: <\/p>\n<\/div><\/div><div class=\"w-separator size_medium\"><\/div><div class=\"g-cols wpb_row via_flex valign_top type_default stacking_default\"><div class=\"vc_col-sm-6 wpb_column vc_column_container\"><div class=\"vc_column-inner\"><div class=\"wpb_wrapper\"><div class=\"wpb_text_column ul-check\"><div class=\"wpb_wrapper\"><ul>\n<li>operational lease contracts<\/li>\n<li>financial lease contracts<\/li>\n<li>machinery lease<\/li>\n<li>production line lease<\/li>\n<li>office furniture lease<\/li>\n<li>office equipment lease<\/li>\n<li>passenger vehicle lease<\/li>\n<li>tractor units lease<\/li>\n<\/ul>\n<\/div><\/div><\/div><\/div><\/div><div class=\"vc_col-sm-6 wpb_column vc_column_container\"><div class=\"vc_column-inner\"><div class=\"wpb_wrapper\"><div class=\"wpb_text_column ul-check\"><div class=\"wpb_wrapper\"><ul>\n<li>sale and lease back lease<\/li>\n<li>company investment loans<\/li>\n<li>loans for start-up companies<\/li>\n<li>working capital credits<\/li>\n<li>consumer loans<\/li>\n<li>mortgage loans<\/li>\n<li>fund raising from EU resources<\/li>\n<\/ul>\n<\/div><\/div><\/div><\/div><\/div><\/div><\/div><\/div><\/div><\/div><\/div><\/section><section class=\"l-section wpb_row height_large color_primary\"><div class=\"l-section-h i-cf\"><div class=\"g-cols vc_row via_flex valign_top type_default stacking_default\"><div class=\"vc_col-sm-12 wpb_column vc_column_container\"><div class=\"vc_column-inner\"><div class=\"wpb_wrapper\"><div class=\"wpb_text_column text-center\"><div class=\"wpb_wrapper\"><h2>CONTACT US<\/h2>\n<\/div><\/div><\/div><\/div><\/div><\/div><\/div><\/section><section class=\"l-section wpb_row height_large\"><div class=\"l-section-h i-cf\"><div class=\"g-cols vc_row via_flex valign_top type_default stacking_default\"><div class=\"vc_col-sm-12 wpb_column vc_column_container\"><div class=\"vc_column-inner\"><div class=\"wpb_wrapper\">\n<div class=\"wpcf7 no-js\" id=\"wpcf7-f2329-o1\" lang=\"pl-PL\" dir=\"ltr\">\n<div class=\"screen-reader-response\"><p role=\"status\" aria-live=\"polite\" aria-atomic=\"true\"><\/p> <ul><\/ul><\/div>\n<form action=\"\/en\/wp-json\/wp\/v2\/pages\/2574#wpcf7-f2329-o1\" method=\"post\" class=\"wpcf7-form init\" aria-label=\"Formularz kontaktowy\" novalidate=\"novalidate\" data-status=\"init\">\n<div style=\"display: none;\">\n<input type=\"hidden\" name=\"_wpcf7\" value=\"2329\" \/>\n<input type=\"hidden\" name=\"_wpcf7_version\" value=\"5.9.8\" \/>\n<input type=\"hidden\" name=\"_wpcf7_locale\" value=\"pl_PL\" \/>\n<input type=\"hidden\" name=\"_wpcf7_unit_tag\" value=\"wpcf7-f2329-o1\" \/>\n<input type=\"hidden\" name=\"_wpcf7_container_post\" value=\"0\" \/>\n<input type=\"hidden\" name=\"_wpcf7_posted_data_hash\" value=\"\" \/>\n<input type=\"hidden\" name=\"_wpcf7cf_hidden_group_fields\" value=\"[]\" \/>\n<input type=\"hidden\" name=\"_wpcf7cf_hidden_groups\" value=\"[]\" \/>\n<input type=\"hidden\" name=\"_wpcf7cf_visible_groups\" value=\"[]\" \/>\n<input type=\"hidden\" name=\"_wpcf7cf_repeaters\" value=\"[]\" \/>\n<input type=\"hidden\" name=\"_wpcf7cf_steps\" value=\"{}\" \/>\n<input type=\"hidden\" name=\"_wpcf7cf_options\" value=\"{&quot;form_id&quot;:2329,&quot;conditions&quot;:[],&quot;settings&quot;:{&quot;animation&quot;:&quot;yes&quot;,&quot;animation_intime&quot;:200,&quot;animation_outtime&quot;:200,&quot;conditions_ui&quot;:&quot;normal&quot;,&quot;notice_dismissed&quot;:false}}\" \/>\n<input type=\"hidden\" name=\"_wpcf7_recaptcha_response\" value=\"\" \/>\n<\/div>\n<p><span class=\"wpcf7-form-control-wrap\" data-name=\"your-name\"><input size=\"40\" maxlength=\"400\" class=\"wpcf7-form-control wpcf7-text\" aria-invalid=\"false\" placeholder=\"First and last name\" value=\"\" type=\"text\" name=\"your-name\" \/><\/span>\n<\/p>\n<p><span class=\"wpcf7-form-control-wrap\" data-name=\"your-email\"><input size=\"40\" maxlength=\"400\" class=\"wpcf7-form-control wpcf7-email wpcf7-validates-as-required wpcf7-text wpcf7-validates-as-email\" aria-required=\"true\" aria-invalid=\"false\" placeholder=\"E-mail\" value=\"\" type=\"email\" name=\"your-email\" \/><\/span>\n<\/p>\n<p><span class=\"wpcf7-form-control-wrap\" data-name=\"tel-517\"><input size=\"40\" maxlength=\"400\" class=\"wpcf7-form-control wpcf7-tel wpcf7-validates-as-required wpcf7-text wpcf7-validates-as-tel\" aria-required=\"true\" aria-invalid=\"false\" placeholder=\"Tel.no.\" value=\"\" type=\"tel\" name=\"tel-517\" \/><\/span>\n<\/p>\n<p><span class=\"wpcf7-form-control-wrap\" data-name=\"your-message\"><textarea cols=\"40\" rows=\"10\" maxlength=\"2000\" class=\"wpcf7-form-control wpcf7-textarea\" aria-invalid=\"false\" placeholder=\"Message\" name=\"your-message\"><\/textarea><\/span>\n<\/p>\n<p><input class=\"wpcf7-form-control wpcf7-submit has-spinner\" type=\"submit\" value=\"Send\" \/>\n<\/p><div class=\"wpcf7-response-output\" aria-hidden=\"true\"><\/div>\n<\/form>\n<\/div>\n<\/div><\/div><\/div><\/div><\/div><\/section>\n","protected":false},"excerpt":{"rendered":"Leases and loans Within the scope of our activity, we cooperate with renowned lease companies and banks operating in the country. Therefore, thanks to a wide range of options, we can compose a suitable, financially attractive offer matching the individual needs of clients. As experts in the field of law and accountancy, we explain the...","protected":false},"author":1,"featured_media":0,"parent":0,"menu_order":0,"comment_status":"closed","ping_status":"closed","template":"","meta":{"footnotes":""},"class_list":["post-2574","page","type-page","status-publish","hentry"],"yoast_head":"<!-- This site is optimized with the Yoast SEO plugin v23.6 - https:\/\/yoast.com\/wordpress\/plugins\/seo\/ -->\n<title>Leases and loans - Lucrum<\/title>\n<meta name=\"robots\" content=\"index, follow, max-snippet:-1, max-image-preview:large, max-video-preview:-1\" \/>\n<link rel=\"canonical\" href=\"https:\/\/lucrum.net.pl\/en\/leases-and-loans\/\" \/>\n<meta property=\"og:locale\" content=\"en_US\" \/>\n<meta property=\"og:type\" content=\"article\" \/>\n<meta property=\"og:title\" content=\"Leases and loans - Lucrum\" \/>\n<meta property=\"og:url\" content=\"https:\/\/lucrum.net.pl\/en\/leases-and-loans\/\" \/>\n<meta property=\"og:site_name\" content=\"Lucrum\" \/>\n<meta property=\"article:modified_time\" content=\"2018-06-24T02:31:31+00:00\" \/>\n<meta name=\"twitter:card\" content=\"summary_large_image\" \/>\n<meta name=\"twitter:label1\" content=\"Est. reading time\" \/>\n\t<meta name=\"twitter:data1\" content=\"1 minute\" \/>\n<script type=\"application\/ld+json\" class=\"yoast-schema-graph\">{\"@context\":\"https:\/\/schema.org\",\"@graph\":[{\"@type\":\"WebPage\",\"@id\":\"https:\/\/lucrum.net.pl\/en\/leases-and-loans\/\",\"url\":\"https:\/\/lucrum.net.pl\/en\/leases-and-loans\/\",\"name\":\"Leases and loans - Lucrum\",\"isPartOf\":{\"@id\":\"https:\/\/lucrum.net.pl\/#website\"},\"datePublished\":\"2018-06-24T02:20:18+00:00\",\"dateModified\":\"2018-06-24T02:31:31+00:00\",\"breadcrumb\":{\"@id\":\"https:\/\/lucrum.net.pl\/en\/leases-and-loans\/#breadcrumb\"},\"inLanguage\":\"en-US\",\"potentialAction\":[{\"@type\":\"ReadAction\",\"target\":[\"https:\/\/lucrum.net.pl\/en\/leases-and-loans\/\"]}]},{\"@type\":\"BreadcrumbList\",\"@id\":\"https:\/\/lucrum.net.pl\/en\/leases-and-loans\/#breadcrumb\",\"itemListElement\":[{\"@type\":\"ListItem\",\"position\":1,\"name\":\"Strona g\u0142\u00f3wna\",\"item\":\"https:\/\/lucrum.net.pl\/en\/\"},{\"@type\":\"ListItem\",\"position\":2,\"name\":\"Leases and loans\"}]},{\"@type\":\"WebSite\",\"@id\":\"https:\/\/lucrum.net.pl\/#website\",\"url\":\"https:\/\/lucrum.net.pl\/\",\"name\":\"Lucrum\",\"description\":\"Ksi\u0119gowo\u015b\u0107, Podatki\",\"potentialAction\":[{\"@type\":\"SearchAction\",\"target\":{\"@type\":\"EntryPoint\",\"urlTemplate\":\"https:\/\/lucrum.net.pl\/?s={search_term_string}\"},\"query-input\":{\"@type\":\"PropertyValueSpecification\",\"valueRequired\":true,\"valueName\":\"search_term_string\"}}],\"inLanguage\":\"en-US\"}]}<\/script>\n<!-- \/ Yoast SEO plugin. -->","yoast_head_json":{"title":"Leases and loans - Lucrum","robots":{"index":"index","follow":"follow","max-snippet":"max-snippet:-1","max-image-preview":"max-image-preview:large","max-video-preview":"max-video-preview:-1"},"canonical":"https:\/\/lucrum.net.pl\/en\/leases-and-loans\/","og_locale":"en_US","og_type":"article","og_title":"Leases and loans - Lucrum","og_url":"https:\/\/lucrum.net.pl\/en\/leases-and-loans\/","og_site_name":"Lucrum","article_modified_time":"2018-06-24T02:31:31+00:00","twitter_card":"summary_large_image","twitter_misc":{"Est. reading time":"1 minute"},"schema":{"@context":"https:\/\/schema.org","@graph":[{"@type":"WebPage","@id":"https:\/\/lucrum.net.pl\/en\/leases-and-loans\/","url":"https:\/\/lucrum.net.pl\/en\/leases-and-loans\/","name":"Leases and loans - Lucrum","isPartOf":{"@id":"https:\/\/lucrum.net.pl\/#website"},"datePublished":"2018-06-24T02:20:18+00:00","dateModified":"2018-06-24T02:31:31+00:00","breadcrumb":{"@id":"https:\/\/lucrum.net.pl\/en\/leases-and-loans\/#breadcrumb"},"inLanguage":"en-US","potentialAction":[{"@type":"ReadAction","target":["https:\/\/lucrum.net.pl\/en\/leases-and-loans\/"]}]},{"@type":"BreadcrumbList","@id":"https:\/\/lucrum.net.pl\/en\/leases-and-loans\/#breadcrumb","itemListElement":[{"@type":"ListItem","position":1,"name":"Strona g\u0142\u00f3wna","item":"https:\/\/lucrum.net.pl\/en\/"},{"@type":"ListItem","position":2,"name":"Leases and loans"}]},{"@type":"WebSite","@id":"https:\/\/lucrum.net.pl\/#website","url":"https:\/\/lucrum.net.pl\/","name":"Lucrum","description":"Ksi\u0119gowo\u015b\u0107, Podatki","potentialAction":[{"@type":"SearchAction","target":{"@type":"EntryPoint","urlTemplate":"https:\/\/lucrum.net.pl\/?s={search_term_string}"},"query-input":{"@type":"PropertyValueSpecification","valueRequired":true,"valueName":"search_term_string"}}],"inLanguage":"en-US"}]}},"_links":{"self":[{"href":"https:\/\/lucrum.net.pl\/en\/wp-json\/wp\/v2\/pages\/2574"}],"collection":[{"href":"https:\/\/lucrum.net.pl\/en\/wp-json\/wp\/v2\/pages"}],"about":[{"href":"https:\/\/lucrum.net.pl\/en\/wp-json\/wp\/v2\/types\/page"}],"author":[{"embeddable":true,"href":"https:\/\/lucrum.net.pl\/en\/wp-json\/wp\/v2\/users\/1"}],"replies":[{"embeddable":true,"href":"https:\/\/lucrum.net.pl\/en\/wp-json\/wp\/v2\/comments?post=2574"}],"version-history":[{"count":2,"href":"https:\/\/lucrum.net.pl\/en\/wp-json\/wp\/v2\/pages\/2574\/revisions"}],"predecessor-version":[{"id":2582,"href":"https:\/\/lucrum.net.pl\/en\/wp-json\/wp\/v2\/pages\/2574\/revisions\/2582"}],"wp:attachment":[{"href":"https:\/\/lucrum.net.pl\/en\/wp-json\/wp\/v2\/media?parent=2574"}],"curies":[{"name":"wp","href":"https:\/\/api.w.org\/{rel}","templated":true}]}}