{"id":2576,"date":"2018-06-24T04:20:18","date_gmt":"2018-06-24T02:20:18","guid":{"rendered":"http:\/\/lucrum.net.pl\/leasing-i-kredyty\/"},"modified":"2018-06-24T04:26:36","modified_gmt":"2018-06-24T02:26:36","slug":"%d0%bb%d1%96%d0%b7%d0%b8%d0%bd%d0%b3-%d1%96-%d0%ba%d1%80%d0%b5%d0%b4%d0%b8%d1%82%d0%b8","status":"publish","type":"page","link":"https:\/\/lucrum.net.pl\/uk\/%d0%bb%d1%96%d0%b7%d0%b8%d0%bd%d0%b3-%d1%96-%d0%ba%d1%80%d0%b5%d0%b4%d0%b8%d1%82%d0%b8\/","title":{"rendered":"\u041b\u0456\u0437\u0438\u043d\u0433 \u0456 \u043a\u0440\u0435\u0434\u0438\u0442\u0438"},"content":{"rendered":"<section class=\"l-section wpb_row height_large color_primary\"><div class=\"l-section-h i-cf\"><div class=\"g-cols vc_row via_flex valign_top type_default stacking_default\"><div class=\"vc_col-sm-12 wpb_column vc_column_container\"><div class=\"vc_column-inner\"><div class=\"wpb_wrapper\"><div class=\"wpb_text_column\"><div class=\"wpb_wrapper\"><h1 style=\"text-align: center;\">\u041b\u0456\u0437\u0438\u043d\u0433 \u0456 \u043a\u0440\u0435\u0434\u0438\u0442\u0438<\/h1>\n<\/div><\/div><\/div><\/div><\/div><\/div><\/div><\/section><section class=\"l-section wpb_row height_large\"><div class=\"l-section-h i-cf\"><div class=\"g-cols vc_row via_flex valign_top type_default stacking_default\"><div class=\"vc_col-sm-12 wpb_column vc_column_container\"><div class=\"vc_column-inner\"><div class=\"wpb_wrapper\"><div class=\"wpb_text_column\"><div class=\"wpb_wrapper\"><p>\u0412 \u0440\u0430\u043c\u043a\u0430\u0445 \u043d\u0430\u0448\u043e\u0457 \u0434\u0456\u044f\u043b\u044c\u043d\u043e\u0441\u0442\u0456 \u043c\u0438 \u0441\u043f\u0456\u0432\u043f\u0440\u0430\u0446\u044e\u0454\u043c\u043e \u0437 \u0432\u0456\u0434\u043e\u043c\u0438\u043c\u0438 \u043b\u0456\u0437\u0438\u043d\u0433\u043e\u0432\u0438\u043c\u0438 \u043a\u043e\u043c\u043f\u0430\u043d\u0456\u044f\u043c\u0438 \u0442\u0430 \u0431\u0430\u043d\u043a\u0430\u043c\u0438 \u043d\u0430 \u0442\u0435\u0440\u0438\u0442\u043e\u0440\u0456\u0457 \u0432\u0441\u0456\u0454\u0457 \u043a\u0440\u0430\u0457\u043d\u0438. \u0417\u0430\u0432\u0434\u044f\u043a\u0438 \u0446\u044c\u043e\u043c\u0443, \u043c\u0430\u044e\u0447\u0438 \u0448\u0438\u0440\u043e\u043a\u0438\u0439 \u0441\u043f\u0435\u043a\u0442\u0440 \u043c\u043e\u0436\u043b\u0438\u0432\u043e\u0441\u0442\u0435\u0439, \u043c\u0438 \u043c\u043e\u0436\u0435\u043c\u043e \u043e\u0431\u0440\u0430\u0442\u0438 \u0432\u0456\u0434\u043f\u043e\u0432\u0456\u0434\u043d\u0443, \u0444\u0456\u043d\u0430\u043d\u0441\u043e\u0432\u043e \u043f\u0440\u0438\u0432\u0430\u0431\u043b\u0438\u0432\u0443 \u043f\u0440\u043e\u043f\u043e\u0437\u0438\u0446\u0456\u044e \u0437 \u0443\u0440\u0430\u0445\u0443\u0432\u0430\u043d\u043d\u044f\u043c \u0456\u043d\u0434\u0438\u0432\u0456\u0434\u0443\u0430\u043b\u044c\u043d\u0438\u0445 \u043f\u043e\u0442\u0440\u0435\u0431 \u043a\u043b\u0456\u0454\u043d\u0442\u0456\u0432. \u042f\u043a \u0444\u0430\u0445\u0456\u0432\u0446\u0456 \u0443 \u0433\u0430\u043b\u0443\u0437\u0456 \u043f\u0440\u0430\u0432\u0430 \u0442\u0430 \u0431\u0443\u0445\u0433\u0430\u043b\u0442\u0435\u0440\u0441\u044c\u043a\u043e\u0433\u043e \u043e\u0431\u043b\u0456\u043a\u0443, \u043c\u0438 \u043f\u043e\u044f\u0441\u043d\u044e\u0454\u043c\u043e \u043d\u0430\u0448\u0438\u043c \u043a\u043b\u0456\u0454\u043d\u0442\u0430\u043c \u0441\u0443\u0442\u043d\u0456\u0441\u0442\u044c \u0434\u043e\u0433\u043e\u0432\u0456\u0440\u043d\u0438\u0445 \u043f\u043e\u043b\u043e\u0436\u0435\u043d\u044c. \u041c\u0438 \u043f\u0440\u043e\u043f\u043e\u043d\u0443\u0454\u043c\u043e \u0412\u0430\u043c:<\/p>\n<\/div><\/div><div class=\"w-separator size_medium\"><\/div><div class=\"g-cols wpb_row via_flex valign_top type_default stacking_default\"><div class=\"vc_col-sm-6 wpb_column vc_column_container\"><div class=\"vc_column-inner\"><div class=\"wpb_wrapper\"><div class=\"wpb_text_column ul-check\"><div class=\"wpb_wrapper\"><ul>\n<li>\u043a\u043e\u0440\u043f\u043e\u0440\u0430\u0442\u0438\u0432\u043d\u0438\u0439 \u043e\u043f\u0435\u0440\u0430\u0442\u0438\u0432\u043d\u0438\u0439 \u043b\u0456\u0437\u0438\u043d\u0433<\/li>\n<li>\u043a\u043e\u0440\u043f\u043e\u0440\u0430\u0442\u0438\u0432\u043d\u0438\u0439 \u0444\u0456\u043d\u0430\u043d\u0441\u043e\u0432\u0438\u0439 \u043b\u0456\u0437\u0438\u043d\u0433<\/li>\n<li>\u043b\u0456\u0437\u0438\u043d\u0433 \u043e\u0431\u043b\u0430\u0434\u043d\u0430\u043d\u043d\u044f<\/li>\n<li>\u043b\u0456\u0437\u0438\u043d\u0433 \u0432\u0438\u0440\u043e\u0431\u043d\u0438\u0447\u0438\u0445 \u043b\u0456\u043d\u0456\u0439<\/li>\n<li>\u043b\u0456\u0437\u0438\u043d\u0433 \u043e\u0444\u0456\u0441\u043d\u0438\u0445 \u043c\u0435\u0431\u043b\u0456\u0432<\/li>\n<li>\u043b\u0456\u0437\u0438\u043d\u0433 \u043e\u0444\u0456\u0441\u043d\u043e\u0433\u043e \u043e\u0431\u043b\u0430\u0434\u043d\u0430\u043d\u043d\u044f<\/li>\n<li>\u043b\u0456\u0437\u0438\u043d\u0433 \u043b\u0435\u0433\u043a\u043e\u0432\u0438\u0445 \u0430\u0432\u0442\u043e\u043c\u043e\u0431\u0456\u043b\u0456\u0432<\/li>\n<li>\u043b\u0456\u0437\u0438\u043d\u0433 \u0442\u044f\u0433\u0430\u0447\u0456\u0432<\/li>\n<\/ul>\n<\/div><\/div><\/div><\/div><\/div><div class=\"vc_col-sm-6 wpb_column vc_column_container\"><div class=\"vc_column-inner\"><div class=\"wpb_wrapper\"><div class=\"wpb_text_column ul-check\"><div class=\"wpb_wrapper\"><ul>\n<li>\u0437\u0432\u043e\u0440\u043e\u0442\u043d\u0438\u0439 \u043b\u0456\u0437\u0438\u043d\u0433<\/li>\n<li>\u043a\u043e\u0440\u043f\u043e\u0440\u0430\u0442\u0438\u0432\u043d\u0456 \u0456\u043d\u0432\u0435\u0441\u0442\u0438\u0446\u0456\u0439\u043d\u0456 \u043a\u0440\u0435\u0434\u0438\u0442\u0438<\/li>\n<li>\u043a\u043e\u0440\u043f\u043e\u0440\u0430\u0442\u0438\u0432\u043d\u0456 \u043a\u0440\u0435\u0434\u0438\u0442\u0438 start-up (\u043a\u0440\u0435\u0434\u0438\u0442\u0438 \u043d\u0430 \u0440\u043e\u0437\u0432\u0438\u0442\u043e\u043a \u0431\u0456\u0437\u043d\u0435\u0441\u0443)<\/li>\n<li>\u043a\u043e\u0440\u043f\u043e\u0440\u0430\u0442\u0438\u0432\u043d\u0456 \u043a\u0440\u0435\u0434\u0438\u0442\u0438 \u043d\u0430 \u043e\u0431\u043e\u0440\u043e\u0442\u043d\u0438\u0439 \u043a\u0430\u043f\u0456\u0442\u0430\u043b<\/li>\n<li>\u0441\u043f\u043e\u0436\u0438\u0432\u0447\u0456 \u043a\u0440\u0435\u0434\u0438\u0442\u0438<\/li>\n<li>\u0456\u043f\u043e\u0442\u0435\u0447\u043d\u0456 \u043a\u0440\u0435\u0434\u0438\u0442\u0438<\/li>\n<li>\u043e\u0442\u0440\u0438\u043c\u0430\u043d\u043d\u044f \u043f\u0456\u0434\u0442\u0440\u0438\u043c\u043a\u0438 \u0437 \u0454\u0432\u0440\u043e\u043f\u0435\u0439\u0441\u044c\u043a\u0438\u0445 \u0444\u043e\u043d\u0434\u0456\u0432<\/li>\n<\/ul>\n<\/div><\/div><\/div><\/div><\/div><\/div><\/div><\/div><\/div><\/div><\/div><\/section><section class=\"l-section wpb_row height_large color_primary\"><div class=\"l-section-h i-cf\"><div class=\"g-cols vc_row via_flex valign_top type_default stacking_default\"><div class=\"vc_col-sm-12 wpb_column vc_column_container\"><div class=\"vc_column-inner\"><div class=\"wpb_wrapper\"><div class=\"wpb_text_column text-center\"><div class=\"wpb_wrapper\"><h2>\u0417\u0412\u2019\u042f\u0416\u0406\u0422\u042c\u0421\u042f \u0417 \u041d\u0410\u041c\u0418<\/h2>\n<\/div><\/div><\/div><\/div><\/div><\/div><\/div><\/section><section class=\"l-section wpb_row height_large\"><div class=\"l-section-h i-cf\"><div class=\"g-cols vc_row via_flex valign_top type_default stacking_default\"><div class=\"vc_col-sm-12 wpb_column vc_column_container\"><div class=\"vc_column-inner\"><div class=\"wpb_wrapper\">\n<div class=\"wpcf7 no-js\" id=\"wpcf7-f1929-o1\" lang=\"uk\" dir=\"ltr\">\n<div class=\"screen-reader-response\"><p role=\"status\" aria-live=\"polite\" aria-atomic=\"true\"><\/p> <ul><\/ul><\/div>\n<form action=\"\/uk\/wp-json\/wp\/v2\/pages\/2576#wpcf7-f1929-o1\" method=\"post\" class=\"wpcf7-form init\" aria-label=\"Contact form\" novalidate=\"novalidate\" data-status=\"init\">\n<div style=\"display: none;\">\n<input type=\"hidden\" name=\"_wpcf7\" value=\"1929\" \/>\n<input type=\"hidden\" name=\"_wpcf7_version\" value=\"5.9.8\" \/>\n<input type=\"hidden\" name=\"_wpcf7_locale\" value=\"uk\" \/>\n<input type=\"hidden\" name=\"_wpcf7_unit_tag\" value=\"wpcf7-f1929-o1\" \/>\n<input type=\"hidden\" name=\"_wpcf7_container_post\" value=\"0\" \/>\n<input type=\"hidden\" name=\"_wpcf7_posted_data_hash\" value=\"\" \/>\n<input type=\"hidden\" name=\"_wpcf7cf_hidden_group_fields\" value=\"[]\" \/>\n<input type=\"hidden\" name=\"_wpcf7cf_hidden_groups\" value=\"[]\" \/>\n<input type=\"hidden\" name=\"_wpcf7cf_visible_groups\" value=\"[]\" \/>\n<input type=\"hidden\" name=\"_wpcf7cf_repeaters\" value=\"[]\" \/>\n<input type=\"hidden\" name=\"_wpcf7cf_steps\" value=\"{}\" \/>\n<input type=\"hidden\" name=\"_wpcf7cf_options\" value=\"{&quot;form_id&quot;:1929,&quot;conditions&quot;:[],&quot;settings&quot;:{&quot;animation&quot;:&quot;yes&quot;,&quot;animation_intime&quot;:200,&quot;animation_outtime&quot;:200,&quot;conditions_ui&quot;:&quot;normal&quot;,&quot;notice_dismissed&quot;:false}}\" \/>\n<input type=\"hidden\" name=\"_wpcf7_recaptcha_response\" value=\"\" \/>\n<\/div>\n<p><span class=\"wpcf7-form-control-wrap\" data-name=\"your-name\"><input size=\"40\" maxlength=\"400\" class=\"wpcf7-form-control wpcf7-text\" aria-invalid=\"false\" placeholder=\"\u0406\u043c&#039;\u044f \u0442\u0430 \u043f\u0440\u0456\u0437\u0432\u0438\u0449\u0435\" value=\"\" type=\"text\" name=\"your-name\" \/><\/span>\n<\/p>\n<p><span class=\"wpcf7-form-control-wrap\" data-name=\"your-email\"><input size=\"40\" maxlength=\"400\" class=\"wpcf7-form-control wpcf7-email wpcf7-validates-as-required wpcf7-text wpcf7-validates-as-email\" aria-required=\"true\" aria-invalid=\"false\" placeholder=\"\u0410\u0434\u0440\u0435\u0441\u0430 \u0435\u043b\u0435\u043a\u0442\u0440\u043e\u043d\u043d\u043e\u0457 \u043f\u043e\u0448\u0442\u0438\" value=\"\" type=\"email\" name=\"your-email\" \/><\/span>\n<\/p>\n<p><span class=\"wpcf7-form-control-wrap\" data-name=\"tel-870\"><input size=\"40\" maxlength=\"400\" class=\"wpcf7-form-control wpcf7-tel wpcf7-validates-as-required wpcf7-text wpcf7-validates-as-tel\" aria-required=\"true\" aria-invalid=\"false\" placeholder=\"\u0422\u0435\u043b\u0435\u0444\u043e\u043d\" value=\"\" type=\"tel\" name=\"tel-870\" \/><\/span>\n<\/p>\n<p><span class=\"wpcf7-form-control-wrap\" data-name=\"your-message\"><textarea cols=\"40\" rows=\"10\" maxlength=\"2000\" class=\"wpcf7-form-control wpcf7-textarea\" aria-invalid=\"false\" placeholder=\"\u041f\u043e\u0432\u0456\u0434\u043e\u043c\u043b\u0435\u043d\u043d\u044f\" name=\"your-message\"><\/textarea><\/span>\n<\/p>\n<p><input class=\"wpcf7-form-control wpcf7-submit has-spinner\" type=\"submit\" value=\"\u0412\u0406\u0414\u041f\u0420\u0410\u0412\u0418\u0422\u0418\" \/>\n<\/p><div class=\"wpcf7-response-output\" aria-hidden=\"true\"><\/div>\n<\/form>\n<\/div>\n<\/div><\/div><\/div><\/div><\/div><\/section>\n","protected":false},"excerpt":{"rendered":"\u041b\u0456\u0437\u0438\u043d\u0433 \u0456 \u043a\u0440\u0435\u0434\u0438\u0442\u0438 \u0412 \u0440\u0430\u043c\u043a\u0430\u0445 \u043d\u0430\u0448\u043e\u0457 \u0434\u0456\u044f\u043b\u044c\u043d\u043e\u0441\u0442\u0456 \u043c\u0438 \u0441\u043f\u0456\u0432\u043f\u0440\u0430\u0446\u044e\u0454\u043c\u043e \u0437 \u0432\u0456\u0434\u043e\u043c\u0438\u043c\u0438 \u043b\u0456\u0437\u0438\u043d\u0433\u043e\u0432\u0438\u043c\u0438 \u043a\u043e\u043c\u043f\u0430\u043d\u0456\u044f\u043c\u0438 \u0442\u0430 \u0431\u0430\u043d\u043a\u0430\u043c\u0438 \u043d\u0430 \u0442\u0435\u0440\u0438\u0442\u043e\u0440\u0456\u0457 \u0432\u0441\u0456\u0454\u0457 \u043a\u0440\u0430\u0457\u043d\u0438. \u0417\u0430\u0432\u0434\u044f\u043a\u0438 \u0446\u044c\u043e\u043c\u0443, \u043c\u0430\u044e\u0447\u0438 \u0448\u0438\u0440\u043e\u043a\u0438\u0439 \u0441\u043f\u0435\u043a\u0442\u0440 \u043c\u043e\u0436\u043b\u0438\u0432\u043e\u0441\u0442\u0435\u0439, \u043c\u0438 \u043c\u043e\u0436\u0435\u043c\u043e \u043e\u0431\u0440\u0430\u0442\u0438 \u0432\u0456\u0434\u043f\u043e\u0432\u0456\u0434\u043d\u0443, \u0444\u0456\u043d\u0430\u043d\u0441\u043e\u0432\u043e \u043f\u0440\u0438\u0432\u0430\u0431\u043b\u0438\u0432\u0443 \u043f\u0440\u043e\u043f\u043e\u0437\u0438\u0446\u0456\u044e \u0437 \u0443\u0440\u0430\u0445\u0443\u0432\u0430\u043d\u043d\u044f\u043c \u0456\u043d\u0434\u0438\u0432\u0456\u0434\u0443\u0430\u043b\u044c\u043d\u0438\u0445 \u043f\u043e\u0442\u0440\u0435\u0431 \u043a\u043b\u0456\u0454\u043d\u0442\u0456\u0432. \u042f\u043a \u0444\u0430\u0445\u0456\u0432\u0446\u0456 \u0443 \u0433\u0430\u043b\u0443\u0437\u0456 \u043f\u0440\u0430\u0432\u0430 \u0442\u0430 \u0431\u0443\u0445\u0433\u0430\u043b\u0442\u0435\u0440\u0441\u044c\u043a\u043e\u0433\u043e \u043e\u0431\u043b\u0456\u043a\u0443, \u043c\u0438 \u043f\u043e\u044f\u0441\u043d\u044e\u0454\u043c\u043e \u043d\u0430\u0448\u0438\u043c \u043a\u043b\u0456\u0454\u043d\u0442\u0430\u043c \u0441\u0443\u0442\u043d\u0456\u0441\u0442\u044c \u0434\u043e\u0433\u043e\u0432\u0456\u0440\u043d\u0438\u0445 \u043f\u043e\u043b\u043e\u0436\u0435\u043d\u044c. \u041c\u0438 \u043f\u0440\u043e\u043f\u043e\u043d\u0443\u0454\u043c\u043e \u0412\u0430\u043c:...","protected":false},"author":1,"featured_media":0,"parent":0,"menu_order":0,"comment_status":"closed","ping_status":"closed","template":"","meta":{"footnotes":""},"class_list":["post-2576","page","type-page","status-publish","hentry"],"yoast_head":"<!-- This site is optimized with the Yoast SEO plugin v23.6 - https:\/\/yoast.com\/wordpress\/plugins\/seo\/ -->\n<title>\u041b\u0456\u0437\u0438\u043d\u0433 \u0456 \u043a\u0440\u0435\u0434\u0438\u0442\u0438 - Lucrum<\/title>\n<meta name=\"robots\" content=\"index, follow, max-snippet:-1, max-image-preview:large, max-video-preview:-1\" \/>\n<link rel=\"canonical\" href=\"https:\/\/lucrum.net.pl\/uk\/\u043b\u0456\u0437\u0438\u043d\u0433-\u0456-\u043a\u0440\u0435\u0434\u0438\u0442\u0438\/\" \/>\n<meta property=\"og:locale\" content=\"uk_UA\" \/>\n<meta property=\"og:type\" content=\"article\" \/>\n<meta property=\"og:title\" content=\"\u041b\u0456\u0437\u0438\u043d\u0433 \u0456 \u043a\u0440\u0435\u0434\u0438\u0442\u0438 - Lucrum\" \/>\n<meta property=\"og:url\" content=\"https:\/\/lucrum.net.pl\/uk\/\u043b\u0456\u0437\u0438\u043d\u0433-\u0456-\u043a\u0440\u0435\u0434\u0438\u0442\u0438\/\" \/>\n<meta property=\"og:site_name\" content=\"Lucrum\" \/>\n<meta property=\"article:modified_time\" content=\"2018-06-24T02:26:36+00:00\" \/>\n<meta name=\"twitter:card\" content=\"summary_large_image\" \/>\n<meta name=\"twitter:label1\" content=\"Est. reading time\" \/>\n\t<meta name=\"twitter:data1\" content=\"1 minute\" \/>\n<script type=\"application\/ld+json\" class=\"yoast-schema-graph\">{\"@context\":\"https:\/\/schema.org\",\"@graph\":[{\"@type\":\"WebPage\",\"@id\":\"https:\/\/lucrum.net.pl\/uk\/%d0%bb%d1%96%d0%b7%d0%b8%d0%bd%d0%b3-%d1%96-%d0%ba%d1%80%d0%b5%d0%b4%d0%b8%d1%82%d0%b8\/\",\"url\":\"https:\/\/lucrum.net.pl\/uk\/%d0%bb%d1%96%d0%b7%d0%b8%d0%bd%d0%b3-%d1%96-%d0%ba%d1%80%d0%b5%d0%b4%d0%b8%d1%82%d0%b8\/\",\"name\":\"\u041b\u0456\u0437\u0438\u043d\u0433 \u0456 \u043a\u0440\u0435\u0434\u0438\u0442\u0438 - Lucrum\",\"isPartOf\":{\"@id\":\"https:\/\/lucrum.net.pl\/#website\"},\"datePublished\":\"2018-06-24T02:20:18+00:00\",\"dateModified\":\"2018-06-24T02:26:36+00:00\",\"breadcrumb\":{\"@id\":\"https:\/\/lucrum.net.pl\/uk\/%d0%bb%d1%96%d0%b7%d0%b8%d0%bd%d0%b3-%d1%96-%d0%ba%d1%80%d0%b5%d0%b4%d0%b8%d1%82%d0%b8\/#breadcrumb\"},\"inLanguage\":\"uk-UA\",\"potentialAction\":[{\"@type\":\"ReadAction\",\"target\":[\"https:\/\/lucrum.net.pl\/uk\/%d0%bb%d1%96%d0%b7%d0%b8%d0%bd%d0%b3-%d1%96-%d0%ba%d1%80%d0%b5%d0%b4%d0%b8%d1%82%d0%b8\/\"]}]},{\"@type\":\"BreadcrumbList\",\"@id\":\"https:\/\/lucrum.net.pl\/uk\/%d0%bb%d1%96%d0%b7%d0%b8%d0%bd%d0%b3-%d1%96-%d0%ba%d1%80%d0%b5%d0%b4%d0%b8%d1%82%d0%b8\/#breadcrumb\",\"itemListElement\":[{\"@type\":\"ListItem\",\"position\":1,\"name\":\"Strona g\u0142\u00f3wna\",\"item\":\"https:\/\/lucrum.net.pl\/uk\/\"},{\"@type\":\"ListItem\",\"position\":2,\"name\":\"\u041b\u0456\u0437\u0438\u043d\u0433 \u0456 \u043a\u0440\u0435\u0434\u0438\u0442\u0438\"}]},{\"@type\":\"WebSite\",\"@id\":\"https:\/\/lucrum.net.pl\/#website\",\"url\":\"https:\/\/lucrum.net.pl\/\",\"name\":\"Lucrum\",\"description\":\"Ksi\u0119gowo\u015b\u0107, Podatki\",\"potentialAction\":[{\"@type\":\"SearchAction\",\"target\":{\"@type\":\"EntryPoint\",\"urlTemplate\":\"https:\/\/lucrum.net.pl\/?s={search_term_string}\"},\"query-input\":{\"@type\":\"PropertyValueSpecification\",\"valueRequired\":true,\"valueName\":\"search_term_string\"}}],\"inLanguage\":\"uk-UA\"}]}<\/script>\n<!-- \/ Yoast SEO plugin. -->","yoast_head_json":{"title":"\u041b\u0456\u0437\u0438\u043d\u0433 \u0456 \u043a\u0440\u0435\u0434\u0438\u0442\u0438 - Lucrum","robots":{"index":"index","follow":"follow","max-snippet":"max-snippet:-1","max-image-preview":"max-image-preview:large","max-video-preview":"max-video-preview:-1"},"canonical":"https:\/\/lucrum.net.pl\/uk\/\u043b\u0456\u0437\u0438\u043d\u0433-\u0456-\u043a\u0440\u0435\u0434\u0438\u0442\u0438\/","og_locale":"uk_UA","og_type":"article","og_title":"\u041b\u0456\u0437\u0438\u043d\u0433 \u0456 \u043a\u0440\u0435\u0434\u0438\u0442\u0438 - Lucrum","og_url":"https:\/\/lucrum.net.pl\/uk\/\u043b\u0456\u0437\u0438\u043d\u0433-\u0456-\u043a\u0440\u0435\u0434\u0438\u0442\u0438\/","og_site_name":"Lucrum","article_modified_time":"2018-06-24T02:26:36+00:00","twitter_card":"summary_large_image","twitter_misc":{"Est. reading time":"1 minute"},"schema":{"@context":"https:\/\/schema.org","@graph":[{"@type":"WebPage","@id":"https:\/\/lucrum.net.pl\/uk\/%d0%bb%d1%96%d0%b7%d0%b8%d0%bd%d0%b3-%d1%96-%d0%ba%d1%80%d0%b5%d0%b4%d0%b8%d1%82%d0%b8\/","url":"https:\/\/lucrum.net.pl\/uk\/%d0%bb%d1%96%d0%b7%d0%b8%d0%bd%d0%b3-%d1%96-%d0%ba%d1%80%d0%b5%d0%b4%d0%b8%d1%82%d0%b8\/","name":"\u041b\u0456\u0437\u0438\u043d\u0433 \u0456 \u043a\u0440\u0435\u0434\u0438\u0442\u0438 - Lucrum","isPartOf":{"@id":"https:\/\/lucrum.net.pl\/#website"},"datePublished":"2018-06-24T02:20:18+00:00","dateModified":"2018-06-24T02:26:36+00:00","breadcrumb":{"@id":"https:\/\/lucrum.net.pl\/uk\/%d0%bb%d1%96%d0%b7%d0%b8%d0%bd%d0%b3-%d1%96-%d0%ba%d1%80%d0%b5%d0%b4%d0%b8%d1%82%d0%b8\/#breadcrumb"},"inLanguage":"uk-UA","potentialAction":[{"@type":"ReadAction","target":["https:\/\/lucrum.net.pl\/uk\/%d0%bb%d1%96%d0%b7%d0%b8%d0%bd%d0%b3-%d1%96-%d0%ba%d1%80%d0%b5%d0%b4%d0%b8%d1%82%d0%b8\/"]}]},{"@type":"BreadcrumbList","@id":"https:\/\/lucrum.net.pl\/uk\/%d0%bb%d1%96%d0%b7%d0%b8%d0%bd%d0%b3-%d1%96-%d0%ba%d1%80%d0%b5%d0%b4%d0%b8%d1%82%d0%b8\/#breadcrumb","itemListElement":[{"@type":"ListItem","position":1,"name":"Strona g\u0142\u00f3wna","item":"https:\/\/lucrum.net.pl\/uk\/"},{"@type":"ListItem","position":2,"name":"\u041b\u0456\u0437\u0438\u043d\u0433 \u0456 \u043a\u0440\u0435\u0434\u0438\u0442\u0438"}]},{"@type":"WebSite","@id":"https:\/\/lucrum.net.pl\/#website","url":"https:\/\/lucrum.net.pl\/","name":"Lucrum","description":"Ksi\u0119gowo\u015b\u0107, Podatki","potentialAction":[{"@type":"SearchAction","target":{"@type":"EntryPoint","urlTemplate":"https:\/\/lucrum.net.pl\/?s={search_term_string}"},"query-input":{"@type":"PropertyValueSpecification","valueRequired":true,"valueName":"search_term_string"}}],"inLanguage":"uk-UA"}]}},"_links":{"self":[{"href":"https:\/\/lucrum.net.pl\/uk\/wp-json\/wp\/v2\/pages\/2576"}],"collection":[{"href":"https:\/\/lucrum.net.pl\/uk\/wp-json\/wp\/v2\/pages"}],"about":[{"href":"https:\/\/lucrum.net.pl\/uk\/wp-json\/wp\/v2\/types\/page"}],"author":[{"embeddable":true,"href":"https:\/\/lucrum.net.pl\/uk\/wp-json\/wp\/v2\/users\/1"}],"replies":[{"embeddable":true,"href":"https:\/\/lucrum.net.pl\/uk\/wp-json\/wp\/v2\/comments?post=2576"}],"version-history":[{"count":2,"href":"https:\/\/lucrum.net.pl\/uk\/wp-json\/wp\/v2\/pages\/2576\/revisions"}],"predecessor-version":[{"id":2578,"href":"https:\/\/lucrum.net.pl\/uk\/wp-json\/wp\/v2\/pages\/2576\/revisions\/2578"}],"wp:attachment":[{"href":"https:\/\/lucrum.net.pl\/uk\/wp-json\/wp\/v2\/media?parent=2576"}],"curies":[{"name":"wp","href":"https:\/\/api.w.org\/{rel}","templated":true}]}}